{"id":6937,"date":"2022-04-20T20:12:32","date_gmt":"2022-04-20T23:12:32","guid":{"rendered":"https:\/\/creativb.com.br\/instituto-antigo\/produto\/caneca-inox\/"},"modified":"2024-06-27T21:16:02","modified_gmt":"2024-06-28T00:16:02","slug":"caneca-inox","status":"publish","type":"product","link":"https:\/\/creativb.com.br\/instituto-antigo\/produto\/caneca-inox\/","title":{"rendered":"Caneca Inox"},"content":{"rendered":"","protected":false},"excerpt":{"rendered":"<p>Caneca inox de 450ml, pegador de pl\u00e1stico e parte interna em inox. Possui tampa com compartimento que pode ser aberto para beber (n\u00e3o \u00e9 t\u00e9rmica).<\/p>\n","protected":false},"featured_media":7011,"comment_status":"open","ping_status":"closed","template":"","meta":[],"product_brand":[],"product_cat":[772973],"product_tag":[773115,773117],"class_list":{"0":"post-6937","1":"product","2":"type-product","3":"status-publish","4":"has-post-thumbnail","6":"product_cat-caneca-juntos-pelo-amanha","7":"product_tag-caneca","8":"product_tag-inox","10":"first","11":"outofstock","12":"taxable","13":"shipping-taxable","14":"purchasable","15":"product-type-simple"},"exclude_global_add_ons":[],"addons":[],"jetpack_publicize_connections":[],"_links":{"self":[{"href":"https:\/\/creativb.com.br\/instituto-antigo\/wp-json\/wp\/v2\/product\/6937","targetHints":{"allow":["GET"]}}],"collection":[{"href":"https:\/\/creativb.com.br\/instituto-antigo\/wp-json\/wp\/v2\/product"}],"about":[{"href":"https:\/\/creativb.com.br\/instituto-antigo\/wp-json\/wp\/v2\/types\/product"}],"replies":[{"embeddable":true,"href":"https:\/\/creativb.com.br\/instituto-antigo\/wp-json\/wp\/v2\/comments?post=6937"}],"wp:featuredmedia":[{"embeddable":true,"href":"https:\/\/creativb.com.br\/instituto-antigo\/wp-json\/wp\/v2\/media\/7011"}],"wp:attachment":[{"href":"https:\/\/creativb.com.br\/instituto-antigo\/wp-json\/wp\/v2\/media?parent=6937"}],"wp:term":[{"taxonomy":"product_brand","embeddable":true,"href":"https:\/\/creativb.com.br\/instituto-antigo\/wp-json\/wp\/v2\/product_brand?post=6937"},{"taxonomy":"product_cat","embeddable":true,"href":"https:\/\/creativb.com.br\/instituto-antigo\/wp-json\/wp\/v2\/product_cat?post=6937"},{"taxonomy":"product_tag","embeddable":true,"href":"https:\/\/creativb.com.br\/instituto-antigo\/wp-json\/wp\/v2\/product_tag?post=6937"}],"curies":[{"name":"wp","href":"https:\/\/api.w.org\/{rel}","templated":true}]}}