{"id":11716,"date":"2024-06-18T16:52:39","date_gmt":"2024-06-18T19:52:39","guid":{"rendered":"https:\/\/creativb.com.br\/instituto-antigo\/produto\/mochila-ecologica\/"},"modified":"2024-06-27T21:16:03","modified_gmt":"2024-06-28T00:16:03","slug":"mochila-ecologica","status":"publish","type":"product","link":"https:\/\/creativb.com.br\/instituto-antigo\/produto\/mochila-ecologica\/","title":{"rendered":"Mochila Ecol\u00f3gica"},"content":{"rendered":"<p><strong>Mochila ecol\u00f3gica em lona de algod\u00e3o cru 250g\/m2.<\/strong><\/p>\n","protected":false},"excerpt":{"rendered":"<p>Mochila ecol\u00f3gica em lona de algod\u00e3o cru 250g\/m2.<\/p>\n","protected":false},"featured_media":11701,"comment_status":"open","ping_status":"closed","template":"","meta":[],"product_brand":[],"product_cat":[772962],"product_tag":[773445,773163,773444],"class_list":{"0":"post-11716","1":"product","2":"type-product","3":"status-publish","4":"has-post-thumbnail","6":"product_cat-sem-categoria-juntos-pelo-amanha","7":"product_tag-algodao-cru","8":"product_tag-mochila","9":"product_tag-mochila-ecologica","11":"first","12":"instock","13":"taxable","14":"shipping-taxable","15":"purchasable","16":"product-type-simple"},"exclude_global_add_ons":[],"addons":[],"jetpack_publicize_connections":[],"_links":{"self":[{"href":"https:\/\/creativb.com.br\/instituto-antigo\/wp-json\/wp\/v2\/product\/11716","targetHints":{"allow":["GET"]}}],"collection":[{"href":"https:\/\/creativb.com.br\/instituto-antigo\/wp-json\/wp\/v2\/product"}],"about":[{"href":"https:\/\/creativb.com.br\/instituto-antigo\/wp-json\/wp\/v2\/types\/product"}],"replies":[{"embeddable":true,"href":"https:\/\/creativb.com.br\/instituto-antigo\/wp-json\/wp\/v2\/comments?post=11716"}],"wp:featuredmedia":[{"embeddable":true,"href":"https:\/\/creativb.com.br\/instituto-antigo\/wp-json\/wp\/v2\/media\/11701"}],"wp:attachment":[{"href":"https:\/\/creativb.com.br\/instituto-antigo\/wp-json\/wp\/v2\/media?parent=11716"}],"wp:term":[{"taxonomy":"product_brand","embeddable":true,"href":"https:\/\/creativb.com.br\/instituto-antigo\/wp-json\/wp\/v2\/product_brand?post=11716"},{"taxonomy":"product_cat","embeddable":true,"href":"https:\/\/creativb.com.br\/instituto-antigo\/wp-json\/wp\/v2\/product_cat?post=11716"},{"taxonomy":"product_tag","embeddable":true,"href":"https:\/\/creativb.com.br\/instituto-antigo\/wp-json\/wp\/v2\/product_tag?post=11716"}],"curies":[{"name":"wp","href":"https:\/\/api.w.org\/{rel}","templated":true}]}}