{"id":11524,"date":"2024-06-05T16:44:28","date_gmt":"2024-06-05T19:44:28","guid":{"rendered":"https:\/\/creativb.com.br\/instituto-antigo\/?page_id=11524"},"modified":"2024-06-05T16:47:31","modified_gmt":"2024-06-05T19:47:31","slug":"colecao-meu-dinheirinho","status":"publish","type":"page","link":"https:\/\/creativb.com.br\/instituto-antigo\/projetos-instituto\/colecao-meu-dinheirinho\/","title":{"rendered":"Cole\u00e7\u00e3o Meu Dinheirinho"},"content":{"rendered":"\t\t<div data-elementor-type=\"wp-page\" data-elementor-id=\"11524\" class=\"elementor elementor-11524\">\n\t\t\t\t\t\t<section class=\"elementor-section elementor-top-section elementor-element elementor-element-ed71bd0 elementor-section-boxed elementor-section-height-default elementor-section-height-default wpr-particle-no wpr-jarallax-no wpr-parallax-no wpr-sticky-section-no wpr-equal-height-no\" data-id=\"ed71bd0\" data-element_type=\"section\" data-e-type=\"section\">\n\t\t\t\t\t\t<div class=\"elementor-container elementor-column-gap-default\">\n\t\t\t\t\t<div class=\"elementor-column elementor-col-100 elementor-top-column elementor-element elementor-element-fa5f7aa\" data-id=\"fa5f7aa\" data-element_type=\"column\" data-e-type=\"column\">\n\t\t\t<div class=\"elementor-widget-wrap elementor-element-populated\">\n\t\t\t\t\t\t<div class=\"elementor-element elementor-element-096391f elementor-widget elementor-widget-image\" data-id=\"096391f\" data-element_type=\"widget\" data-e-type=\"widget\" data-widget_type=\"image.default\">\n\t\t\t\t\t\t\t\t\t\t\t\t\t\t\t<img fetchpriority=\"high\" decoding=\"async\" width=\"1024\" height=\"640\" src=\"https:\/\/creativb.com.br\/instituto-antigo\/wp-content\/uploads\/2024\/06\/banner_meu_dinheiro_header-1024x640.png\" class=\"attachment-large size-large wp-image-11527\" alt=\"\" srcset=\"https:\/\/creativb.com.br\/instituto-antigo\/wp-content\/uploads\/2024\/06\/banner_meu_dinheiro_header-1024x640.png 1024w, https:\/\/creativb.com.br\/instituto-antigo\/wp-content\/uploads\/2024\/06\/banner_meu_dinheiro_header-300x188.png 300w, https:\/\/creativb.com.br\/instituto-antigo\/wp-content\/uploads\/2024\/06\/banner_meu_dinheiro_header-768x480.png 768w, https:\/\/creativb.com.br\/instituto-antigo\/wp-content\/uploads\/2024\/06\/banner_meu_dinheiro_header-1536x960.png 1536w, https:\/\/creativb.com.br\/instituto-antigo\/wp-content\/uploads\/2024\/06\/banner_meu_dinheiro_header-600x375.png 600w, https:\/\/creativb.com.br\/instituto-antigo\/wp-content\/uploads\/2024\/06\/banner_meu_dinheiro_header.png 1921w\" sizes=\"(max-width: 1024px) 100vw, 1024px\" \/>\t\t\t\t\t\t\t\t\t\t\t\t\t\t\t<\/div>\n\t\t\t\t<div class=\"elementor-element elementor-element-b387f4c elementor-widget elementor-widget-text-editor\" data-id=\"b387f4c\" data-element_type=\"widget\" data-e-type=\"widget\" data-widget_type=\"text-editor.default\">\n\t\t\t\t\t\t\t\t\t<p><strong>Cole\u00e7\u00e3o Meu Dinheirinho<\/strong><\/p><p><strong>\u00a0<\/strong>Juntamente com os autores Carlos Eduardo Freitas Costa e Fabr\u00edcio Pereira Soares, lan\u00e7amos uma cole\u00e7\u00e3o de quatro livros infantis, destinados a desenvolver nas crian\u00e7as a consci\u00eancia para os quatro pilares da educa\u00e7\u00e3o financeira: ganhar, gastar, compartilhar e poupar. Al\u00e9m dos livros, a cole\u00e7\u00e3o acompanha tamb\u00e9m um outro elaborado para os pais, para que estejam preparados adequadamente para ensinar seus filhos.<\/p>\t\t\t\t\t\t\t\t<\/div>\n\t\t\t\t\t<\/div>\n\t\t<\/div>\n\t\t\t\t\t<\/div>\n\t\t<\/section>\n\t\t\t\t<\/div>\n\t\t","protected":false},"excerpt":{"rendered":"<p>Cole\u00e7\u00e3o Meu Dinheirinho \u00a0Juntamente com os autores Carlos Eduardo Freitas Costa e Fabr\u00edcio Pereira Soares, lan\u00e7amos uma cole\u00e7\u00e3o de quatro livros infantis, destinados a desenvolver nas crian\u00e7as a consci\u00eancia para os quatro pilares da educa\u00e7\u00e3o financeira: ganhar, gastar, compartilhar e poupar. Al\u00e9m dos livros, a cole\u00e7\u00e3o acompanha tamb\u00e9m um outro elaborado para os pais, para que estejam preparados adequadamente para ensinar seus filhos.<\/p>\n","protected":false},"author":185879449,"featured_media":0,"parent":11330,"menu_order":0,"comment_status":"closed","ping_status":"closed","template":"","meta":{"footnotes":""},"class_list":["post-11524","page","type-page","status-publish","hentry"],"_links":{"self":[{"href":"https:\/\/creativb.com.br\/instituto-antigo\/wp-json\/wp\/v2\/pages\/11524","targetHints":{"allow":["GET"]}}],"collection":[{"href":"https:\/\/creativb.com.br\/instituto-antigo\/wp-json\/wp\/v2\/pages"}],"about":[{"href":"https:\/\/creativb.com.br\/instituto-antigo\/wp-json\/wp\/v2\/types\/page"}],"author":[{"embeddable":true,"href":"https:\/\/creativb.com.br\/instituto-antigo\/wp-json\/wp\/v2\/users\/185879449"}],"replies":[{"embeddable":true,"href":"https:\/\/creativb.com.br\/instituto-antigo\/wp-json\/wp\/v2\/comments?post=11524"}],"version-history":[{"count":5,"href":"https:\/\/creativb.com.br\/instituto-antigo\/wp-json\/wp\/v2\/pages\/11524\/revisions"}],"predecessor-version":[{"id":11531,"href":"https:\/\/creativb.com.br\/instituto-antigo\/wp-json\/wp\/v2\/pages\/11524\/revisions\/11531"}],"up":[{"embeddable":true,"href":"https:\/\/creativb.com.br\/instituto-antigo\/wp-json\/wp\/v2\/pages\/11330"}],"wp:attachment":[{"href":"https:\/\/creativb.com.br\/instituto-antigo\/wp-json\/wp\/v2\/media?parent=11524"}],"curies":[{"name":"wp","href":"https:\/\/api.w.org\/{rel}","templated":true}]}}