{"id":11476,"date":"2024-06-05T16:15:25","date_gmt":"2024-06-05T19:15:25","guid":{"rendered":"https:\/\/creativb.com.br\/instituto-antigo\/?page_id=11476"},"modified":"2024-06-05T16:19:42","modified_gmt":"2024-06-05T19:19:42","slug":"seminario-sustenta-habilidades","status":"publish","type":"page","link":"https:\/\/creativb.com.br\/instituto-antigo\/projetos-instituto\/seminario-sustenta-habilidades\/","title":{"rendered":"Semin\u00e1rio Sustenta Habilidades"},"content":{"rendered":"\t\t<div data-elementor-type=\"wp-page\" data-elementor-id=\"11476\" class=\"elementor elementor-11476\">\n\t\t\t\t\t\t<section class=\"elementor-section elementor-top-section elementor-element elementor-element-ecccce5 elementor-section-boxed elementor-section-height-default elementor-section-height-default wpr-particle-no wpr-jarallax-no wpr-parallax-no wpr-sticky-section-no wpr-equal-height-no\" data-id=\"ecccce5\" data-element_type=\"section\" data-e-type=\"section\">\n\t\t\t\t\t\t<div class=\"elementor-container elementor-column-gap-default\">\n\t\t\t\t\t<div class=\"elementor-column elementor-col-100 elementor-top-column elementor-element elementor-element-65c4447\" data-id=\"65c4447\" data-element_type=\"column\" data-e-type=\"column\">\n\t\t\t<div class=\"elementor-widget-wrap elementor-element-populated\">\n\t\t\t\t\t\t<div class=\"elementor-element elementor-element-d29846c elementor-widget elementor-widget-image\" data-id=\"d29846c\" data-element_type=\"widget\" data-e-type=\"widget\" data-widget_type=\"image.default\">\n\t\t\t\t\t\t\t\t\t\t\t\t\t\t\t<img fetchpriority=\"high\" decoding=\"async\" width=\"1024\" height=\"640\" src=\"https:\/\/creativb.com.br\/instituto-antigo\/wp-content\/uploads\/2024\/06\/sustentahabilidades_banner-1024x640.png\" class=\"attachment-large size-large wp-image-11479\" alt=\"\" srcset=\"https:\/\/creativb.com.br\/instituto-antigo\/wp-content\/uploads\/2024\/06\/sustentahabilidades_banner-1024x640.png 1024w, https:\/\/creativb.com.br\/instituto-antigo\/wp-content\/uploads\/2024\/06\/sustentahabilidades_banner-300x188.png 300w, https:\/\/creativb.com.br\/instituto-antigo\/wp-content\/uploads\/2024\/06\/sustentahabilidades_banner-768x480.png 768w, https:\/\/creativb.com.br\/instituto-antigo\/wp-content\/uploads\/2024\/06\/sustentahabilidades_banner-1536x960.png 1536w, https:\/\/creativb.com.br\/instituto-antigo\/wp-content\/uploads\/2024\/06\/sustentahabilidades_banner-600x375.png 600w, https:\/\/creativb.com.br\/instituto-antigo\/wp-content\/uploads\/2024\/06\/sustentahabilidades_banner.png 1921w\" sizes=\"(max-width: 1024px) 100vw, 1024px\" \/>\t\t\t\t\t\t\t\t\t\t\t\t\t\t\t<\/div>\n\t\t\t\t<div class=\"elementor-element elementor-element-6abcb9d elementor-widget elementor-widget-text-editor\" data-id=\"6abcb9d\" data-element_type=\"widget\" data-e-type=\"widget\" data-widget_type=\"text-editor.default\">\n\t\t\t\t\t\t\t\t\t<p><strong>Semin\u00e1rio Sustenta Habilidades<\/strong><\/p><p>O Semin\u00e1rio SustentaHabilidades \u00e9 uma oportunidade para as organiza\u00e7\u00f5es sociais adquirirem conhecimento e informa\u00e7\u00f5es\u00a0sobre instrumentos administrativos, gerenciais e organizacionais, atrav\u00e9s de metodologias modernas e eficazes.<\/p><p>As habilidades estrat\u00e9gicas trabalhadas nos semin\u00e1rios s\u00e3o essenciais para desenvolver neg\u00f3cios sustent\u00e1veis e criar oportunidades, trazendo mudan\u00e7as positivas para a gest\u00e3o e os atendidos.<\/p>\t\t\t\t\t\t\t\t<\/div>\n\t\t\t\t\t<\/div>\n\t\t<\/div>\n\t\t\t\t\t<\/div>\n\t\t<\/section>\n\t\t\t\t<\/div>\n\t\t","protected":false},"excerpt":{"rendered":"<p>Semin\u00e1rio Sustenta Habilidades O Semin\u00e1rio SustentaHabilidades \u00e9 uma oportunidade para as organiza\u00e7\u00f5es sociais adquirirem conhecimento e informa\u00e7\u00f5es\u00a0sobre instrumentos administrativos, gerenciais e organizacionais, atrav\u00e9s de metodologias modernas e eficazes. As habilidades estrat\u00e9gicas trabalhadas nos semin\u00e1rios s\u00e3o essenciais para desenvolver neg\u00f3cios sustent\u00e1veis e criar oportunidades, trazendo mudan\u00e7as positivas para a gest\u00e3o e os atendidos.<\/p>\n","protected":false},"author":185879449,"featured_media":0,"parent":11330,"menu_order":0,"comment_status":"closed","ping_status":"closed","template":"","meta":{"footnotes":""},"class_list":["post-11476","page","type-page","status-publish","hentry"],"_links":{"self":[{"href":"https:\/\/creativb.com.br\/instituto-antigo\/wp-json\/wp\/v2\/pages\/11476","targetHints":{"allow":["GET"]}}],"collection":[{"href":"https:\/\/creativb.com.br\/instituto-antigo\/wp-json\/wp\/v2\/pages"}],"about":[{"href":"https:\/\/creativb.com.br\/instituto-antigo\/wp-json\/wp\/v2\/types\/page"}],"author":[{"embeddable":true,"href":"https:\/\/creativb.com.br\/instituto-antigo\/wp-json\/wp\/v2\/users\/185879449"}],"replies":[{"embeddable":true,"href":"https:\/\/creativb.com.br\/instituto-antigo\/wp-json\/wp\/v2\/comments?post=11476"}],"version-history":[{"count":5,"href":"https:\/\/creativb.com.br\/instituto-antigo\/wp-json\/wp\/v2\/pages\/11476\/revisions"}],"predecessor-version":[{"id":11483,"href":"https:\/\/creativb.com.br\/instituto-antigo\/wp-json\/wp\/v2\/pages\/11476\/revisions\/11483"}],"up":[{"embeddable":true,"href":"https:\/\/creativb.com.br\/instituto-antigo\/wp-json\/wp\/v2\/pages\/11330"}],"wp:attachment":[{"href":"https:\/\/creativb.com.br\/instituto-antigo\/wp-json\/wp\/v2\/media?parent=11476"}],"curies":[{"name":"wp","href":"https:\/\/api.w.org\/{rel}","templated":true}]}}