{"id":11428,"date":"2024-06-05T15:52:07","date_gmt":"2024-06-05T18:52:07","guid":{"rendered":"https:\/\/creativb.com.br\/instituto-antigo\/?page_id=11428"},"modified":"2024-06-18T16:17:38","modified_gmt":"2024-06-18T19:17:38","slug":"ribeirao-preto-das-criancas","status":"publish","type":"page","link":"https:\/\/creativb.com.br\/instituto-antigo\/projetos-instituto\/ribeirao-preto-das-criancas\/","title":{"rendered":"Ribeir\u00e3o Preto das Crian\u00e7as"},"content":{"rendered":"\t\t<div data-elementor-type=\"wp-page\" data-elementor-id=\"11428\" class=\"elementor elementor-11428\">\n\t\t\t\t\t\t<section class=\"elementor-section elementor-top-section elementor-element elementor-element-61b4f3e elementor-section-boxed elementor-section-height-default elementor-section-height-default wpr-particle-no wpr-jarallax-no wpr-parallax-no wpr-sticky-section-no wpr-equal-height-no\" data-id=\"61b4f3e\" data-element_type=\"section\" data-e-type=\"section\">\n\t\t\t\t\t\t<div class=\"elementor-container elementor-column-gap-default\">\n\t\t\t\t\t<div class=\"elementor-column elementor-col-100 elementor-top-column elementor-element elementor-element-0110424\" data-id=\"0110424\" data-element_type=\"column\" data-e-type=\"column\">\n\t\t\t<div class=\"elementor-widget-wrap elementor-element-populated\">\n\t\t\t\t\t\t<div class=\"elementor-element elementor-element-3c3611c elementor-widget elementor-widget-image\" data-id=\"3c3611c\" data-element_type=\"widget\" data-e-type=\"widget\" data-widget_type=\"image.default\">\n\t\t\t\t\t\t\t\t\t\t\t\t\t\t\t<img fetchpriority=\"high\" decoding=\"async\" width=\"1024\" height=\"533\" src=\"https:\/\/creativb.com.br\/instituto-antigo\/wp-content\/uploads\/2024\/06\/livro_ribeirao_preto_das_criancas_header-1024x533.png\" class=\"attachment-large size-large wp-image-11681\" alt=\"\" srcset=\"https:\/\/creativb.com.br\/instituto-antigo\/wp-content\/uploads\/2024\/06\/livro_ribeirao_preto_das_criancas_header-1024x533.png 1024w, https:\/\/creativb.com.br\/instituto-antigo\/wp-content\/uploads\/2024\/06\/livro_ribeirao_preto_das_criancas_header-300x156.png 300w, https:\/\/creativb.com.br\/instituto-antigo\/wp-content\/uploads\/2024\/06\/livro_ribeirao_preto_das_criancas_header-768x400.png 768w, https:\/\/creativb.com.br\/instituto-antigo\/wp-content\/uploads\/2024\/06\/livro_ribeirao_preto_das_criancas_header-1536x800.png 1536w, https:\/\/creativb.com.br\/instituto-antigo\/wp-content\/uploads\/2024\/06\/livro_ribeirao_preto_das_criancas_header-600x313.png 600w, https:\/\/creativb.com.br\/instituto-antigo\/wp-content\/uploads\/2024\/06\/livro_ribeirao_preto_das_criancas_header.png 1920w\" sizes=\"(max-width: 1024px) 100vw, 1024px\" \/>\t\t\t\t\t\t\t\t\t\t\t\t\t\t\t<\/div>\n\t\t\t\t<div class=\"elementor-element elementor-element-e9e05bc elementor-widget elementor-widget-text-editor\" data-id=\"e9e05bc\" data-element_type=\"widget\" data-e-type=\"widget\" data-widget_type=\"text-editor.default\">\n\t\t\t\t\t\t\t\t\t<p><strong>Ribeir\u00e3o Preto das Crian\u00e7as<\/strong><\/p><p>Uma obra que, em linguagem acess\u00edvel, bil\u00edngue e cativante, contar\u00e1 as origens do povo, as tradi\u00e7\u00f5es e os personagens que deixaram suas marcas ao longo de 166 anos de hist\u00f3ria em Ribeir\u00e3o Preto.<br \/><br \/>Em parceria com a\u00a0Revista Revide, editora do livro, o Instituto Credicitrus realizou a doa\u00e7\u00e3o de 600 exemplares para distribui\u00e7\u00e3o \u00e0 rede municipal de ensino. A iniciativa visa despertar o interesse pela hist\u00f3ria local e incentivar a leitura, imagina\u00e7\u00e3o e curiosidade dos estudantes, al\u00e9m de ser uma forma divertida e interessante de se conectarem mais com o munic\u00edpio onde vivem!<\/p>\t\t\t\t\t\t\t\t<\/div>\n\t\t\t\t\t<\/div>\n\t\t<\/div>\n\t\t\t\t\t<\/div>\n\t\t<\/section>\n\t\t\t\t<\/div>\n\t\t","protected":false},"excerpt":{"rendered":"<p>Ribeir\u00e3o Preto das Crian\u00e7as Uma obra que, em linguagem acess\u00edvel, bil\u00edngue e cativante, contar\u00e1 as origens do povo, as tradi\u00e7\u00f5es e os personagens que deixaram suas marcas ao longo de 166 anos de hist\u00f3ria em Ribeir\u00e3o Preto. Em parceria com a\u00a0Revista Revide, editora do livro, o Instituto Credicitrus realizou a doa\u00e7\u00e3o de 600 exemplares para distribui\u00e7\u00e3o \u00e0 rede municipal de ensino. A iniciativa visa despertar o interesse pela hist\u00f3ria local e incentivar a leitura, imagina\u00e7\u00e3o e curiosidade dos estudantes, al\u00e9m de ser uma forma divertida e interessante de se conectarem mais com o munic\u00edpio onde vivem!<\/p>\n","protected":false},"author":185879449,"featured_media":0,"parent":11330,"menu_order":0,"comment_status":"closed","ping_status":"closed","template":"","meta":{"footnotes":""},"class_list":["post-11428","page","type-page","status-publish","hentry"],"_links":{"self":[{"href":"https:\/\/creativb.com.br\/instituto-antigo\/wp-json\/wp\/v2\/pages\/11428","targetHints":{"allow":["GET"]}}],"collection":[{"href":"https:\/\/creativb.com.br\/instituto-antigo\/wp-json\/wp\/v2\/pages"}],"about":[{"href":"https:\/\/creativb.com.br\/instituto-antigo\/wp-json\/wp\/v2\/types\/page"}],"author":[{"embeddable":true,"href":"https:\/\/creativb.com.br\/instituto-antigo\/wp-json\/wp\/v2\/users\/185879449"}],"replies":[{"embeddable":true,"href":"https:\/\/creativb.com.br\/instituto-antigo\/wp-json\/wp\/v2\/comments?post=11428"}],"version-history":[{"count":8,"href":"https:\/\/creativb.com.br\/instituto-antigo\/wp-json\/wp\/v2\/pages\/11428\/revisions"}],"predecessor-version":[{"id":11684,"href":"https:\/\/creativb.com.br\/instituto-antigo\/wp-json\/wp\/v2\/pages\/11428\/revisions\/11684"}],"up":[{"embeddable":true,"href":"https:\/\/creativb.com.br\/instituto-antigo\/wp-json\/wp\/v2\/pages\/11330"}],"wp:attachment":[{"href":"https:\/\/creativb.com.br\/instituto-antigo\/wp-json\/wp\/v2\/media?parent=11428"}],"curies":[{"name":"wp","href":"https:\/\/api.w.org\/{rel}","templated":true}]}}