{"id":11420,"date":"2024-06-05T15:48:26","date_gmt":"2024-06-05T18:48:26","guid":{"rendered":"https:\/\/creativb.com.br\/instituto-antigo\/?page_id=11420"},"modified":"2024-06-05T15:51:38","modified_gmt":"2024-06-05T18:51:38","slug":"museu-da-casa-portinari","status":"publish","type":"page","link":"https:\/\/creativb.com.br\/instituto-antigo\/projetos-instituto\/museu-da-casa-portinari\/","title":{"rendered":"Museu da Casa Portinari"},"content":{"rendered":"\t\t<div data-elementor-type=\"wp-page\" data-elementor-id=\"11420\" class=\"elementor elementor-11420\">\n\t\t\t\t\t\t<section class=\"elementor-section elementor-top-section elementor-element elementor-element-92fa67a elementor-section-boxed elementor-section-height-default elementor-section-height-default wpr-particle-no wpr-jarallax-no wpr-parallax-no wpr-sticky-section-no wpr-equal-height-no\" data-id=\"92fa67a\" data-element_type=\"section\" data-e-type=\"section\">\n\t\t\t\t\t\t<div class=\"elementor-container elementor-column-gap-default\">\n\t\t\t\t\t<div class=\"elementor-column elementor-col-100 elementor-top-column elementor-element elementor-element-f5ea41d\" data-id=\"f5ea41d\" data-element_type=\"column\" data-e-type=\"column\">\n\t\t\t<div class=\"elementor-widget-wrap elementor-element-populated\">\n\t\t\t\t\t\t<div class=\"elementor-element elementor-element-8963d24 elementor-widget elementor-widget-image\" data-id=\"8963d24\" data-element_type=\"widget\" data-e-type=\"widget\" data-widget_type=\"image.default\">\n\t\t\t\t\t\t\t\t\t\t\t\t\t\t\t<img fetchpriority=\"high\" decoding=\"async\" width=\"1024\" height=\"640\" src=\"https:\/\/creativb.com.br\/instituto-antigo\/wp-content\/uploads\/2024\/06\/portinari_banner-1024x640.png\" class=\"attachment-large size-large wp-image-11422\" alt=\"\" srcset=\"https:\/\/creativb.com.br\/instituto-antigo\/wp-content\/uploads\/2024\/06\/portinari_banner-1024x640.png 1024w, https:\/\/creativb.com.br\/instituto-antigo\/wp-content\/uploads\/2024\/06\/portinari_banner-300x188.png 300w, https:\/\/creativb.com.br\/instituto-antigo\/wp-content\/uploads\/2024\/06\/portinari_banner-768x480.png 768w, https:\/\/creativb.com.br\/instituto-antigo\/wp-content\/uploads\/2024\/06\/portinari_banner-1536x960.png 1536w, https:\/\/creativb.com.br\/instituto-antigo\/wp-content\/uploads\/2024\/06\/portinari_banner-600x375.png 600w, https:\/\/creativb.com.br\/instituto-antigo\/wp-content\/uploads\/2024\/06\/portinari_banner.png 1921w\" sizes=\"(max-width: 1024px) 100vw, 1024px\" \/>\t\t\t\t\t\t\t\t\t\t\t\t\t\t\t<\/div>\n\t\t\t\t<div class=\"elementor-element elementor-element-ee5002f elementor-widget elementor-widget-text-editor\" data-id=\"ee5002f\" data-element_type=\"widget\" data-e-type=\"widget\" data-widget_type=\"text-editor.default\">\n\t\t\t\t\t\t\t\t\t<p><strong>Museu Casa de Portinari<\/strong><\/p><p>O Museu Casa de Portinari est\u00e1 localizado na cidade de Brodowski\/SP e a parceria com o Instituto Credicitrus est\u00e1 especialmente envolvida com a Galeria digital Cat\u00e1logo Raisonn\u00e9, que permite aos visitantes conhecerem gratuitamente, todo o percurso da carreira do artista atrav\u00e9s de uma experi\u00eancia multim\u00eddia inovadora que come\u00e7a na sala onde foram instalados quatro projetores de alta resolu\u00e7\u00e3o.<\/p><p>Muitas das obras de Portinari est\u00e3o espalhadas por cole\u00e7\u00f5es pessoais e outras institui\u00e7\u00f5es. Assim, de modo a permitir o acesso ao conjunto de obras do artista, apoiamos a viabiliza\u00e7\u00e3o da Galeria Multim\u00eddia, um invent\u00e1rio com mais de 5 mil obras, reunindo todas as suas cria\u00e7\u00f5es! A iniciativa contou tamb\u00e9m com apoio do Estado de S\u00e3o Paulo e do Projeto Portinari.<\/p><p>O Instituto Credicitrus tem um forte compromisso com a cultura, acreditando que \u00e9 importante apoiar iniciativas que produzem conhecimento, estimulam o pensamento cr\u00edtico, a criatividade e valorizam o talento. Por isso, \u00e9 motivo de grande orgulho poder investir neste projeto, que impacta a comunidade oferecendo acesso a todas as obras criadas pelo genial pintor brasileiro ao longo de sua trajet\u00f3ria.<\/p>\t\t\t\t\t\t\t\t<\/div>\n\t\t\t\t\t<\/div>\n\t\t<\/div>\n\t\t\t\t\t<\/div>\n\t\t<\/section>\n\t\t\t\t<\/div>\n\t\t","protected":false},"excerpt":{"rendered":"<p>Museu Casa de Portinari O Museu Casa de Portinari est\u00e1 localizado na cidade de Brodowski\/SP e a parceria com o Instituto Credicitrus est\u00e1 especialmente envolvida com a Galeria digital Cat\u00e1logo Raisonn\u00e9, que permite aos visitantes conhecerem gratuitamente, todo o percurso da carreira do artista atrav\u00e9s de uma experi\u00eancia multim\u00eddia inovadora que come\u00e7a na sala onde foram instalados quatro projetores de alta resolu\u00e7\u00e3o. Muitas das obras de Portinari est\u00e3o espalhadas por cole\u00e7\u00f5es pessoais e outras institui\u00e7\u00f5es. Assim, de modo a permitir o acesso ao conjunto de obras do artista, apoiamos a viabiliza\u00e7\u00e3o da Galeria Multim\u00eddia, um invent\u00e1rio com mais de 5 mil obras, reunindo todas as suas cria\u00e7\u00f5es! A iniciativa contou tamb\u00e9m com apoio do Estado de S\u00e3o Paulo e do Projeto Portinari. O Instituto Credicitrus tem um forte compromisso com a cultura, acreditando que \u00e9 importante apoiar iniciativas que produzem conhecimento, estimulam o pensamento cr\u00edtico, a criatividade e valorizam o talento. Por isso, \u00e9 motivo de grande orgulho poder investir neste projeto, que impacta a comunidade oferecendo acesso a todas as obras criadas pelo genial pintor brasileiro ao longo de sua trajet\u00f3ria.<\/p>\n","protected":false},"author":185879449,"featured_media":0,"parent":11330,"menu_order":0,"comment_status":"closed","ping_status":"closed","template":"","meta":{"footnotes":""},"class_list":["post-11420","page","type-page","status-publish","hentry"],"_links":{"self":[{"href":"https:\/\/creativb.com.br\/instituto-antigo\/wp-json\/wp\/v2\/pages\/11420","targetHints":{"allow":["GET"]}}],"collection":[{"href":"https:\/\/creativb.com.br\/instituto-antigo\/wp-json\/wp\/v2\/pages"}],"about":[{"href":"https:\/\/creativb.com.br\/instituto-antigo\/wp-json\/wp\/v2\/types\/page"}],"author":[{"embeddable":true,"href":"https:\/\/creativb.com.br\/instituto-antigo\/wp-json\/wp\/v2\/users\/185879449"}],"replies":[{"embeddable":true,"href":"https:\/\/creativb.com.br\/instituto-antigo\/wp-json\/wp\/v2\/comments?post=11420"}],"version-history":[{"count":5,"href":"https:\/\/creativb.com.br\/instituto-antigo\/wp-json\/wp\/v2\/pages\/11420\/revisions"}],"predecessor-version":[{"id":11427,"href":"https:\/\/creativb.com.br\/instituto-antigo\/wp-json\/wp\/v2\/pages\/11420\/revisions\/11427"}],"up":[{"embeddable":true,"href":"https:\/\/creativb.com.br\/instituto-antigo\/wp-json\/wp\/v2\/pages\/11330"}],"wp:attachment":[{"href":"https:\/\/creativb.com.br\/instituto-antigo\/wp-json\/wp\/v2\/media?parent=11420"}],"curies":[{"name":"wp","href":"https:\/\/api.w.org\/{rel}","templated":true}]}}