{"id":11394,"date":"2024-06-05T14:42:06","date_gmt":"2024-06-05T17:42:06","guid":{"rendered":"https:\/\/creativb.com.br\/instituto-antigo\/?page_id=11394"},"modified":"2024-06-05T14:44:15","modified_gmt":"2024-06-05T17:44:15","slug":"mais-futuro","status":"publish","type":"page","link":"https:\/\/creativb.com.br\/instituto-antigo\/projetos-instituto\/mais-futuro\/","title":{"rendered":"Mais Futuro"},"content":{"rendered":"\t\t<div data-elementor-type=\"wp-page\" data-elementor-id=\"11394\" class=\"elementor elementor-11394\">\n\t\t\t\t\t\t<section class=\"elementor-section elementor-top-section elementor-element elementor-element-5fdcaee elementor-section-boxed elementor-section-height-default elementor-section-height-default wpr-particle-no wpr-jarallax-no wpr-parallax-no wpr-sticky-section-no wpr-equal-height-no\" data-id=\"5fdcaee\" data-element_type=\"section\" data-e-type=\"section\">\n\t\t\t\t\t\t<div class=\"elementor-container elementor-column-gap-default\">\n\t\t\t\t\t<div class=\"elementor-column elementor-col-100 elementor-top-column elementor-element elementor-element-8b8ab39\" data-id=\"8b8ab39\" data-element_type=\"column\" data-e-type=\"column\">\n\t\t\t<div class=\"elementor-widget-wrap elementor-element-populated\">\n\t\t\t\t\t\t<div class=\"elementor-element elementor-element-83d1e11 elementor-widget elementor-widget-image\" data-id=\"83d1e11\" data-element_type=\"widget\" data-e-type=\"widget\" data-widget_type=\"image.default\">\n\t\t\t\t\t\t\t\t\t\t\t\t\t\t\t<img decoding=\"async\" data-src=\"https:\/\/creativb.com.br\/instituto-antigo\/wp-content\/uploads\/2024\/06\/feedmais_futuro_banner.png\" title=\"feedmais_futuro_banner\" alt=\"feedmais_futuro_banner\" src=\"data:image\/svg+xml;base64,PHN2ZyB3aWR0aD0iMSIgaGVpZ2h0PSIxIiB4bWxucz0iaHR0cDovL3d3dy53My5vcmcvMjAwMC9zdmciPjwvc3ZnPg==\" class=\"lazyload\" style=\"--smush-placeholder-width: 3841px; --smush-placeholder-aspect-ratio: 3841\/2001;\" \/>\t\t\t\t\t\t\t\t\t\t\t\t\t\t\t<\/div>\n\t\t\t\t<div class=\"elementor-element elementor-element-132977c elementor-widget elementor-widget-text-editor\" data-id=\"132977c\" data-element_type=\"widget\" data-e-type=\"widget\" data-widget_type=\"text-editor.default\">\n\t\t\t\t\t\t\t\t\t<p><strong>MAIS FUTURO<\/strong><\/p><p>Desenvolvimento socioambiental em parceria com OSCs<\/p><p>O Programa Mais Futuro objetiva incentivar o desenvolvimento socioambiental nas cidades onde a Credicitrus atua atrav\u00e9s da elabora\u00e7\u00e3o e implanta\u00e7\u00e3o de projetos em organiza\u00e7\u00f5es da sociedade civil (OSCs).<\/p><p>Com parceria de investidores, o programa apoia iniciativas que visem a sustentabilidade econ\u00f4mica das OSCs, implementar a\u00e7\u00f5es de preserva\u00e7\u00e3o, conserva\u00e7\u00e3o e educa\u00e7\u00e3o ambiental e apoiar projetos sociais no desenvolvimento comunit\u00e1rio.<\/p>\t\t\t\t\t\t\t\t<\/div>\n\t\t\t\t\t<\/div>\n\t\t<\/div>\n\t\t\t\t\t<\/div>\n\t\t<\/section>\n\t\t\t\t<\/div>\n\t\t","protected":false},"excerpt":{"rendered":"<p>MAIS FUTURO Desenvolvimento socioambiental em parceria com OSCs O Programa Mais Futuro objetiva incentivar o desenvolvimento socioambiental nas cidades onde a Credicitrus atua atrav\u00e9s da elabora\u00e7\u00e3o e implanta\u00e7\u00e3o de projetos em organiza\u00e7\u00f5es da sociedade civil (OSCs). Com parceria de investidores, o programa apoia iniciativas que visem a sustentabilidade econ\u00f4mica das OSCs, implementar a\u00e7\u00f5es de preserva\u00e7\u00e3o, conserva\u00e7\u00e3o e educa\u00e7\u00e3o ambiental e apoiar projetos sociais no desenvolvimento comunit\u00e1rio.<\/p>\n","protected":false},"author":185879449,"featured_media":0,"parent":11330,"menu_order":0,"comment_status":"closed","ping_status":"closed","template":"","meta":{"footnotes":""},"class_list":["post-11394","page","type-page","status-publish","hentry"],"_links":{"self":[{"href":"https:\/\/creativb.com.br\/instituto-antigo\/wp-json\/wp\/v2\/pages\/11394","targetHints":{"allow":["GET"]}}],"collection":[{"href":"https:\/\/creativb.com.br\/instituto-antigo\/wp-json\/wp\/v2\/pages"}],"about":[{"href":"https:\/\/creativb.com.br\/instituto-antigo\/wp-json\/wp\/v2\/types\/page"}],"author":[{"embeddable":true,"href":"https:\/\/creativb.com.br\/instituto-antigo\/wp-json\/wp\/v2\/users\/185879449"}],"replies":[{"embeddable":true,"href":"https:\/\/creativb.com.br\/instituto-antigo\/wp-json\/wp\/v2\/comments?post=11394"}],"version-history":[{"count":6,"href":"https:\/\/creativb.com.br\/instituto-antigo\/wp-json\/wp\/v2\/pages\/11394\/revisions"}],"predecessor-version":[{"id":11402,"href":"https:\/\/creativb.com.br\/instituto-antigo\/wp-json\/wp\/v2\/pages\/11394\/revisions\/11402"}],"up":[{"embeddable":true,"href":"https:\/\/creativb.com.br\/instituto-antigo\/wp-json\/wp\/v2\/pages\/11330"}],"wp:attachment":[{"href":"https:\/\/creativb.com.br\/instituto-antigo\/wp-json\/wp\/v2\/media?parent=11394"}],"curies":[{"name":"wp","href":"https:\/\/api.w.org\/{rel}","templated":true}]}}