{"id":11367,"date":"2024-06-05T13:56:24","date_gmt":"2024-06-05T16:56:24","guid":{"rendered":"https:\/\/creativb.com.br\/instituto-antigo\/?page_id=11367"},"modified":"2024-06-05T15:43:25","modified_gmt":"2024-06-05T18:43:25","slug":"energia-sustentavel","status":"publish","type":"page","link":"https:\/\/creativb.com.br\/instituto-antigo\/projetos-instituto\/energia-sustentavel\/","title":{"rendered":"Energia Sustent\u00e1vel"},"content":{"rendered":"\t\t<div data-elementor-type=\"wp-page\" data-elementor-id=\"11367\" class=\"elementor elementor-11367\">\n\t\t\t\t\t\t<section class=\"elementor-section elementor-top-section elementor-element elementor-element-4d99783 elementor-section-boxed elementor-section-height-default elementor-section-height-default wpr-particle-no wpr-jarallax-no wpr-parallax-no wpr-sticky-section-no wpr-equal-height-no\" data-id=\"4d99783\" data-element_type=\"section\" data-e-type=\"section\">\n\t\t\t\t\t\t<div class=\"elementor-container elementor-column-gap-default\">\n\t\t\t\t\t<div class=\"elementor-column elementor-col-100 elementor-top-column elementor-element elementor-element-2e11e3a\" data-id=\"2e11e3a\" data-element_type=\"column\" data-e-type=\"column\">\n\t\t\t<div class=\"elementor-widget-wrap elementor-element-populated\">\n\t\t\t\t\t\t<div class=\"elementor-element elementor-element-5b7f19f elementor-widget elementor-widget-image\" data-id=\"5b7f19f\" data-element_type=\"widget\" data-e-type=\"widget\" data-widget_type=\"image.default\">\n\t\t\t\t\t\t\t\t\t\t\t\t\t\t\t<img decoding=\"async\" data-src=\"https:\/\/creativb.com.br\/instituto-antigo\/wp-content\/uploads\/elementor\/thumbs\/energia_sustentavel_banner-qp7znr0yf1svhait8tl54wo1rnbtf00jkb8r7wzkow.png\" title=\"energia_sustentavel_banner\" alt=\"energia_sustentavel_banner\" src=\"data:image\/svg+xml;base64,PHN2ZyB3aWR0aD0iMSIgaGVpZ2h0PSIxIiB4bWxucz0iaHR0cDovL3d3dy53My5vcmcvMjAwMC9zdmciPjwvc3ZnPg==\" class=\"lazyload\" style=\"--smush-placeholder-width: 1366px; --smush-placeholder-aspect-ratio: 1366\/768;\" \/>\t\t\t\t\t\t\t\t\t\t\t\t\t\t\t<\/div>\n\t\t\t\t<div class=\"elementor-element elementor-element-07ab381 elementor-widget elementor-widget-heading\" data-id=\"07ab381\" data-element_type=\"widget\" data-e-type=\"widget\" data-widget_type=\"heading.default\">\n\t\t\t\t\t<h2 class=\"elementor-heading-title elementor-size-default\">\n<\/h2>\t\t\t\t<\/div>\n\t\t\t\t<div class=\"elementor-element elementor-element-8a1c926 elementor-widget elementor-widget-text-editor\" data-id=\"8a1c926\" data-element_type=\"widget\" data-e-type=\"widget\" data-widget_type=\"text-editor.default\">\n\t\t\t\t\t\t\t\t\t<p><strong>Energia sustent\u00e1vel <\/strong><\/p><p>O objetivo principal do programa \u00e9 apoiar a\u00e7\u00f5es externas na produ\u00e7\u00e3o de energia limpa e renov\u00e1vel contribuindo com o desenvolvimento econ\u00f4mico das OSCs e com a sustentabilidade ambiental.<\/p>\t\t\t\t\t\t\t\t<\/div>\n\t\t\t\t\t<\/div>\n\t\t<\/div>\n\t\t\t\t\t<\/div>\n\t\t<\/section>\n\t\t\t\t<\/div>\n\t\t","protected":false},"excerpt":{"rendered":"<p>Energia sustent\u00e1vel O objetivo principal do programa \u00e9 apoiar a\u00e7\u00f5es externas na produ\u00e7\u00e3o de energia limpa e renov\u00e1vel contribuindo com o desenvolvimento econ\u00f4mico das OSCs e com a sustentabilidade ambiental.<\/p>\n","protected":false},"author":185879449,"featured_media":0,"parent":11330,"menu_order":0,"comment_status":"closed","ping_status":"closed","template":"","meta":{"footnotes":""},"class_list":["post-11367","page","type-page","status-publish","hentry"],"_links":{"self":[{"href":"https:\/\/creativb.com.br\/instituto-antigo\/wp-json\/wp\/v2\/pages\/11367","targetHints":{"allow":["GET"]}}],"collection":[{"href":"https:\/\/creativb.com.br\/instituto-antigo\/wp-json\/wp\/v2\/pages"}],"about":[{"href":"https:\/\/creativb.com.br\/instituto-antigo\/wp-json\/wp\/v2\/types\/page"}],"author":[{"embeddable":true,"href":"https:\/\/creativb.com.br\/instituto-antigo\/wp-json\/wp\/v2\/users\/185879449"}],"replies":[{"embeddable":true,"href":"https:\/\/creativb.com.br\/instituto-antigo\/wp-json\/wp\/v2\/comments?post=11367"}],"version-history":[{"count":6,"href":"https:\/\/creativb.com.br\/instituto-antigo\/wp-json\/wp\/v2\/pages\/11367\/revisions"}],"predecessor-version":[{"id":11375,"href":"https:\/\/creativb.com.br\/instituto-antigo\/wp-json\/wp\/v2\/pages\/11367\/revisions\/11375"}],"up":[{"embeddable":true,"href":"https:\/\/creativb.com.br\/instituto-antigo\/wp-json\/wp\/v2\/pages\/11330"}],"wp:attachment":[{"href":"https:\/\/creativb.com.br\/instituto-antigo\/wp-json\/wp\/v2\/media?parent=11367"}],"curies":[{"name":"wp","href":"https:\/\/api.w.org\/{rel}","templated":true}]}}